{"id":150,"date":"2020-06-21T15:25:28","date_gmt":"2020-06-21T13:25:28","guid":{"rendered":"https:\/\/eph-network.eu\/?page_id=150"},"modified":"2024-01-30T13:47:54","modified_gmt":"2024-01-30T12:47:54","slug":"team","status":"publish","type":"page","link":"https:\/\/eph-network.eu\/en\/team\/","title":{"rendered":"Team"},"content":{"rendered":"<div data-elementor-type=\"wp-page\" data-elementor-id=\"150\" class=\"elementor elementor-150\">\n\t\t\t\t\t\t<div class=\"elementor-inner\">\n\t\t\t\t<div class=\"elementor-section-wrap\">\n\t\t\t\t\t\t\t\t\t<section class=\"elementor-section elementor-top-section elementor-element elementor-element-428d714 elementor-section-boxed elementor-section-height-default elementor-section-height-default\" data-id=\"428d714\" data-element_type=\"section\">\n\t\t\t\t\t\t<div class=\"elementor-container elementor-column-gap-default\">\n\t\t\t\t\t\t\t<div class=\"elementor-row\">\n\t\t\t\t\t<div class=\"elementor-column elementor-col-100 elementor-top-column elementor-element elementor-element-f546899\" data-id=\"f546899\" data-element_type=\"column\">\n\t\t\t<div class=\"elementor-column-wrap elementor-element-populated\">\n\t\t\t\t\t\t\t<div class=\"elementor-widget-wrap\">\n\t\t\t\t\t\t<div class=\"elementor-element elementor-element-c900f85 elementor-widget elementor-widget-spacer\" data-id=\"c900f85\" data-element_type=\"widget\" data-widget_type=\"spacer.default\">\n\t\t\t\t<div class=\"elementor-widget-container\">\n\t\t\t\t\t<div class=\"elementor-spacer\">\n\t\t\t<div class=\"elementor-spacer-inner\"><\/div>\n\t\t<\/div>\n\t\t\t\t<\/div>\n\t\t\t\t<\/div>\n\t\t\t\t\t\t<\/div>\n\t\t\t\t\t<\/div>\n\t\t<\/div>\n\t\t\t\t\t\t\t\t<\/div>\n\t\t\t\t\t<\/div>\n\t\t<\/section>\n\t\t\t\t<section class=\"elementor-section elementor-top-section elementor-element elementor-element-accf40e elementor-section-boxed elementor-section-height-default elementor-section-height-default\" data-id=\"accf40e\" data-element_type=\"section\">\n\t\t\t\t\t\t<div class=\"elementor-container elementor-column-gap-default\">\n\t\t\t\t\t\t\t<div class=\"elementor-row\">\n\t\t\t\t\t<div class=\"elementor-column elementor-col-100 elementor-top-column elementor-element elementor-element-293575d\" data-id=\"293575d\" data-element_type=\"column\">\n\t\t\t<div class=\"elementor-column-wrap elementor-element-populated\">\n\t\t\t\t\t\t\t<div class=\"elementor-widget-wrap\">\n\t\t\t\t\t\t<div class=\"elementor-element elementor-element-c177b88 elementor-widget elementor-widget-heading\" data-id=\"c177b88\" data-element_type=\"widget\" data-widget_type=\"heading.default\">\n\t\t\t\t<div class=\"elementor-widget-container\">\n\t\t\t<h3 class=\"elementor-heading-title elementor-size-default\">Team<\/h3>\t\t<\/div>\n\t\t\t\t<\/div>\n\t\t\t\t\t\t<\/div>\n\t\t\t\t\t<\/div>\n\t\t<\/div>\n\t\t\t\t\t\t\t\t<\/div>\n\t\t\t\t\t<\/div>\n\t\t<\/section>\n\t\t\t\t<section class=\"elementor-section elementor-top-section elementor-element elementor-element-7ec9a1a contentOne elementor-section-boxed elementor-section-height-default elementor-section-height-default\" data-id=\"7ec9a1a\" data-element_type=\"section\">\n\t\t\t\t\t\t<div class=\"elementor-container elementor-column-gap-default\">\n\t\t\t\t\t\t\t<div class=\"elementor-row\">\n\t\t\t\t\t<div class=\"elementor-column elementor-col-50 elementor-top-column elementor-element elementor-element-a87715c\" data-id=\"a87715c\" data-element_type=\"column\">\n\t\t\t<div class=\"elementor-column-wrap elementor-element-populated\">\n\t\t\t\t\t\t\t<div class=\"elementor-widget-wrap\">\n\t\t\t\t\t\t<div class=\"elementor-element elementor-element-90fe5c0 main-text elementor-widget elementor-widget-text-editor\" data-id=\"90fe5c0\" data-element_type=\"widget\" data-widget_type=\"text-editor.default\">\n\t\t\t\t<div class=\"elementor-widget-container\">\n\t\t\t\t\t\t\t\t<div class=\"elementor-text-editor elementor-clearfix\">\n\t\t\t\t<p>EPH\u2019s professional team includes highly experienced experts from railway and transport industries with a strong commitment to enhancing the infrastructure in public transport as well as the use of new concepts catered towards worldwide logistics.<\/p><p>They have different nationalities and professional backgrounds with vast experience in consulting and interim management.<\/p><p>The ultimate project goals are to immediately form an experienced team which is ideally catered to the situation at hand, as well as to serve and support our client in the best possible and most efficient way.<\/p><p><b>The EPH team has built a worldwide network of relationships with professionals from a broad range of industries and countries.<\/b><\/p>\t\t\t\t\t<\/div>\n\t\t\t\t\t\t<\/div>\n\t\t\t\t<\/div>\n\t\t\t\t\t\t<\/div>\n\t\t\t\t\t<\/div>\n\t\t<\/div>\n\t\t\t\t<div class=\"elementor-column elementor-col-50 elementor-top-column elementor-element elementor-element-954fcbb rightImage\" data-id=\"954fcbb\" data-element_type=\"column\">\n\t\t\t<div class=\"elementor-column-wrap elementor-element-populated\">\n\t\t\t\t\t\t\t<div class=\"elementor-widget-wrap\">\n\t\t\t\t\t\t<div class=\"elementor-element elementor-element-bb995b8 elementor-widget elementor-widget-image\" data-id=\"bb995b8\" data-element_type=\"widget\" data-widget_type=\"image.default\">\n\t\t\t\t<div class=\"elementor-widget-container\">\n\t\t\t\t\t\t\t\t<div class=\"elementor-image\">\n\t\t\t\t\t\t\t\t\t\t\t\t<img decoding=\"async\" width=\"1024\" height=\"702\" src=\"https:\/\/eph-network.eu\/wp-content\/uploads\/2020\/08\/iStock-1181084656-1024x702.jpg\" class=\"attachment-large size-large wp-image-628\" alt=\"\" loading=\"lazy\" srcset=\"https:\/\/eph-network.eu\/wp-content\/uploads\/2020\/08\/iStock-1181084656-1024x702.jpg 1024w, https:\/\/eph-network.eu\/wp-content\/uploads\/2020\/08\/iStock-1181084656-300x206.jpg 300w, https:\/\/eph-network.eu\/wp-content\/uploads\/2020\/08\/iStock-1181084656-768x527.jpg 768w, https:\/\/eph-network.eu\/wp-content\/uploads\/2020\/08\/iStock-1181084656-2048x1405.jpg 2048w\" sizes=\"(max-width: 1024px) 100vw, 1024px\" \/>\t\t\t\t\t\t\t\t\t\t\t\t\t\t<\/div>\n\t\t\t\t\t\t<\/div>\n\t\t\t\t<\/div>\n\t\t\t\t\t\t<\/div>\n\t\t\t\t\t<\/div>\n\t\t<\/div>\n\t\t\t\t\t\t\t\t<\/div>\n\t\t\t\t\t<\/div>\n\t\t<\/section>\n\t\t\t\t<section class=\"elementor-section elementor-top-section elementor-element elementor-element-245d35f elementor-section-boxed elementor-section-height-default elementor-section-height-default\" data-id=\"245d35f\" data-element_type=\"section\">\n\t\t\t\t\t\t<div class=\"elementor-container elementor-column-gap-default\">\n\t\t\t\t\t\t\t<div class=\"elementor-row\">\n\t\t\t\t\t<div class=\"elementor-column elementor-col-100 elementor-top-column elementor-element elementor-element-b6e87eb\" data-id=\"b6e87eb\" data-element_type=\"column\">\n\t\t\t<div class=\"elementor-column-wrap elementor-element-populated\">\n\t\t\t\t\t\t\t<div class=\"elementor-widget-wrap\">\n\t\t\t\t\t\t<div class=\"elementor-element elementor-element-2742d6b elementor-widget elementor-widget-spacer\" data-id=\"2742d6b\" data-element_type=\"widget\" data-widget_type=\"spacer.default\">\n\t\t\t\t<div class=\"elementor-widget-container\">\n\t\t\t\t\t<div class=\"elementor-spacer\">\n\t\t\t<div class=\"elementor-spacer-inner\"><\/div>\n\t\t<\/div>\n\t\t\t\t<\/div>\n\t\t\t\t<\/div>\n\t\t\t\t\t\t<\/div>\n\t\t\t\t\t<\/div>\n\t\t<\/div>\n\t\t\t\t\t\t\t\t<\/div>\n\t\t\t\t\t<\/div>\n\t\t<\/section>\n\t\t\t\t<section class=\"elementor-section elementor-top-section elementor-element elementor-element-8e2f0fd elementor-section-boxed elementor-section-height-default elementor-section-height-default\" data-id=\"8e2f0fd\" data-element_type=\"section\" data-settings=\"{&quot;background_background&quot;:&quot;classic&quot;}\">\n\t\t\t\t\t\t<div class=\"elementor-container elementor-column-gap-default\">\n\t\t\t\t\t\t\t<div class=\"elementor-row\">\n\t\t\t\t\t<div class=\"elementor-column elementor-col-33 elementor-top-column elementor-element elementor-element-3ae20b7\" data-id=\"3ae20b7\" data-element_type=\"column\">\n\t\t\t<div class=\"elementor-column-wrap elementor-element-populated\">\n\t\t\t\t\t\t\t<div class=\"elementor-widget-wrap\">\n\t\t\t\t\t\t<div class=\"elementor-element elementor-element-76be7ca animated-fast cards elementor-position-top elementor-vertical-align-top elementor-widget elementor-widget-image-box\" data-id=\"76be7ca\" data-element_type=\"widget\" data-settings=\"{&quot;_animation&quot;:&quot;none&quot;}\" data-widget_type=\"image-box.default\">\n\t\t\t\t<div class=\"elementor-widget-container\">\n\t\t\t<div class=\"elementor-image-box-wrapper\"><figure class=\"elementor-image-box-img\"><a href=\"https:\/\/eph-network.eu\/en\/eph-rail\/\"><img decoding=\"async\" width=\"2560\" height=\"1707\" src=\"https:\/\/eph-network.eu\/wp-content\/uploads\/2020\/08\/iStock-155431844-scaled.jpg\" class=\"attachment-full size-full wp-image-620\" alt=\"\" loading=\"lazy\" srcset=\"https:\/\/eph-network.eu\/wp-content\/uploads\/2020\/08\/iStock-155431844-scaled.jpg 2560w, https:\/\/eph-network.eu\/wp-content\/uploads\/2020\/08\/iStock-155431844-300x200.jpg 300w, https:\/\/eph-network.eu\/wp-content\/uploads\/2020\/08\/iStock-155431844-1024x683.jpg 1024w, https:\/\/eph-network.eu\/wp-content\/uploads\/2020\/08\/iStock-155431844-768x512.jpg 768w, https:\/\/eph-network.eu\/wp-content\/uploads\/2020\/08\/iStock-155431844-2048x1365.jpg 2048w\" sizes=\"(max-width: 2560px) 100vw, 2560px\" \/><\/a><\/figure><div class=\"elementor-image-box-content\"><h3 class=\"elementor-image-box-title\"><a href=\"https:\/\/eph-network.eu\/en\/eph-rail\/\">EPH Rail<\/a><\/h3><p class=\"elementor-image-box-description\">Our experts support you step by step for a successful participation in different railway infrastructure projects.\n\n<a href=\"https:\/\/eph-network.eu\/en\/eph-rail\/\">Continue reading ...<\/a><\/p><\/div><\/div>\t\t<\/div>\n\t\t\t\t<\/div>\n\t\t\t\t\t\t<\/div>\n\t\t\t\t\t<\/div>\n\t\t<\/div>\n\t\t\t\t<div class=\"elementor-column elementor-col-33 elementor-top-column elementor-element elementor-element-9c11b31\" data-id=\"9c11b31\" data-element_type=\"column\">\n\t\t\t<div class=\"elementor-column-wrap elementor-element-populated\">\n\t\t\t\t\t\t\t<div class=\"elementor-widget-wrap\">\n\t\t\t\t\t\t<div class=\"elementor-element elementor-element-1ea7ebc animated-fast cards elementor-position-top elementor-vertical-align-top elementor-widget elementor-widget-image-box\" data-id=\"1ea7ebc\" data-element_type=\"widget\" data-settings=\"{&quot;_animation&quot;:&quot;none&quot;}\" data-widget_type=\"image-box.default\">\n\t\t\t\t<div class=\"elementor-widget-container\">\n\t\t\t<div class=\"elementor-image-box-wrapper\"><figure class=\"elementor-image-box-img\"><a href=\"https:\/\/eph-network.eu\/en\/eph-international\/\"><img decoding=\"async\" width=\"2560\" height=\"1707\" src=\"https:\/\/eph-network.eu\/wp-content\/uploads\/2020\/08\/iStock-916449208-scaled.jpg\" class=\"attachment-full size-full wp-image-625\" alt=\"\" loading=\"lazy\" srcset=\"https:\/\/eph-network.eu\/wp-content\/uploads\/2020\/08\/iStock-916449208-scaled.jpg 2560w, https:\/\/eph-network.eu\/wp-content\/uploads\/2020\/08\/iStock-916449208-300x200.jpg 300w, https:\/\/eph-network.eu\/wp-content\/uploads\/2020\/08\/iStock-916449208-1024x683.jpg 1024w, https:\/\/eph-network.eu\/wp-content\/uploads\/2020\/08\/iStock-916449208-768x512.jpg 768w, https:\/\/eph-network.eu\/wp-content\/uploads\/2020\/08\/iStock-916449208-2048x1365.jpg 2048w\" sizes=\"(max-width: 2560px) 100vw, 2560px\" \/><\/a><\/figure><div class=\"elementor-image-box-content\"><h3 class=\"elementor-image-box-title\"><a href=\"https:\/\/eph-network.eu\/en\/eph-international\/\">EPH M&A<\/a><\/h3><p class=\"elementor-image-box-description\">We manage the complete task list from the selection of the potential candidate up to the post-merger integration process.\n\n\n<a href=\"https:\/\/eph-network.eu\/en\/eph-international\/\">Continue reading ...<\/a><\/p><\/div><\/div>\t\t<\/div>\n\t\t\t\t<\/div>\n\t\t\t\t\t\t<\/div>\n\t\t\t\t\t<\/div>\n\t\t<\/div>\n\t\t\t\t<div class=\"elementor-column elementor-col-33 elementor-top-column elementor-element elementor-element-765f120\" data-id=\"765f120\" data-element_type=\"column\">\n\t\t\t<div class=\"elementor-column-wrap elementor-element-populated\">\n\t\t\t\t\t\t\t<div class=\"elementor-widget-wrap\">\n\t\t\t\t\t\t<div class=\"elementor-element elementor-element-64249d3 animated-fast cards elementor-position-top elementor-vertical-align-top elementor-widget elementor-widget-image-box\" data-id=\"64249d3\" data-element_type=\"widget\" data-settings=\"{&quot;_animation&quot;:&quot;none&quot;}\" data-widget_type=\"image-box.default\">\n\t\t\t\t<div class=\"elementor-widget-container\">\n\t\t\t<div class=\"elementor-image-box-wrapper\"><figure class=\"elementor-image-box-img\"><a href=\"https:\/\/eph-network.eu\/en\/eph-consultancy\/\"><img decoding=\"async\" width=\"2560\" height=\"1707\" src=\"https:\/\/eph-network.eu\/wp-content\/uploads\/2020\/08\/flower_eph-scaled.jpg\" class=\"attachment-full size-full wp-image-939\" alt=\"\" loading=\"lazy\" srcset=\"https:\/\/eph-network.eu\/wp-content\/uploads\/2020\/08\/flower_eph-scaled.jpg 2560w, https:\/\/eph-network.eu\/wp-content\/uploads\/2020\/08\/flower_eph-300x200.jpg 300w, https:\/\/eph-network.eu\/wp-content\/uploads\/2020\/08\/flower_eph-768x512.jpg 768w, https:\/\/eph-network.eu\/wp-content\/uploads\/2020\/08\/flower_eph-2048x1365.jpg 2048w\" sizes=\"(max-width: 2560px) 100vw, 2560px\" \/><\/a><\/figure><div class=\"elementor-image-box-content\"><h3 class=\"elementor-image-box-title\"><a href=\"https:\/\/eph-network.eu\/en\/eph-consultancy\/\">EPH Consult<\/a><\/h3><p class=\"elementor-image-box-description\">We support you in the development and improvement of your operations and specialize in advising companies on value-maximizing restructuring solutions.\n\n<a href=\"https:\/\/eph-network.eu\/en\/eph-consultancy\/\">Continue reading ...<\/a><\/p><\/div><\/div>\t\t<\/div>\n\t\t\t\t<\/div>\n\t\t\t\t\t\t<\/div>\n\t\t\t\t\t<\/div>\n\t\t<\/div>\n\t\t\t\t\t\t\t\t<\/div>\n\t\t\t\t\t<\/div>\n\t\t<\/section>\n\t\t\t\t\t\t\t\t\t<\/div>\n\t\t\t<\/div>\n\t\t\t\t\t<\/div>","protected":false},"excerpt":{"rendered":"<p>Team Das EPH-Team besteht aus erfahrenen Experten der Bahnindustrie und des \u00f6ffentlichen Personenverkehrs, die sich f\u00fcr die Verbesserung der Infrastruktur im \u00f6ffentlichen Verkehr sowie f\u00fcr die Verwendung neuer Konzepte f\u00fcr die weltweite Logistik stark machen. Unsere Profis unterschiedlicher Nationalit\u00e4ten und beruflicher Hintergr\u00fcnde verf\u00fcgen \u00fcber umfangreiche Erfahrung in den Bereichen Beratung und Interim-Management. Unser Ziel ist&hellip;&nbsp;<a href=\"https:\/\/eph-network.eu\/en\/team\/\" class=\"\" rel=\"bookmark\">Read More &raquo;<span class=\"screen-reader-text\">Team<\/span><\/a><\/p>","protected":false},"author":1,"featured_media":0,"parent":0,"menu_order":0,"comment_status":"closed","ping_status":"closed","template":"page-templates\/template-pagebuilder-full-width.php","meta":{"neve_meta_sidebar":"","neve_meta_container":"","neve_meta_enable_content_width":"off","neve_meta_content_width":0,"neve_meta_title_alignment":"","neve_meta_author_avatar":"","neve_post_elements_order":"","neve_meta_disable_header":"","neve_meta_disable_footer":"","neve_meta_disable_title":"","neve_meta_reading_time":""},"_links":{"self":[{"href":"https:\/\/eph-network.eu\/en\/wp-json\/wp\/v2\/pages\/150"}],"collection":[{"href":"https:\/\/eph-network.eu\/en\/wp-json\/wp\/v2\/pages"}],"about":[{"href":"https:\/\/eph-network.eu\/en\/wp-json\/wp\/v2\/types\/page"}],"author":[{"embeddable":true,"href":"https:\/\/eph-network.eu\/en\/wp-json\/wp\/v2\/users\/1"}],"replies":[{"embeddable":true,"href":"https:\/\/eph-network.eu\/en\/wp-json\/wp\/v2\/comments?post=150"}],"version-history":[{"count":60,"href":"https:\/\/eph-network.eu\/en\/wp-json\/wp\/v2\/pages\/150\/revisions"}],"predecessor-version":[{"id":1468,"href":"https:\/\/eph-network.eu\/en\/wp-json\/wp\/v2\/pages\/150\/revisions\/1468"}],"wp:attachment":[{"href":"https:\/\/eph-network.eu\/en\/wp-json\/wp\/v2\/media?parent=150"}],"curies":[{"name":"wp","href":"https:\/\/api.w.org\/{rel}","templated":true}]}}