{"id":154,"date":"2020-06-21T15:25:28","date_gmt":"2020-06-21T13:25:28","guid":{"rendered":"https:\/\/eph-network.eu\/?page_id=154"},"modified":"2025-02-05T10:16:28","modified_gmt":"2025-02-05T09:16:28","slug":"contact","status":"publish","type":"page","link":"https:\/\/eph-network.eu\/en\/contact\/","title":{"rendered":"Imprint"},"content":{"rendered":"<div data-elementor-type=\"wp-page\" data-elementor-id=\"154\" class=\"elementor elementor-154\">\n\t\t\t\t\t\t<div class=\"elementor-inner\">\n\t\t\t\t<div class=\"elementor-section-wrap\">\n\t\t\t\t\t\t\t\t\t<section class=\"elementor-section elementor-top-section elementor-element elementor-element-dbdde2f elementor-section-boxed elementor-section-height-default elementor-section-height-default\" data-id=\"dbdde2f\" data-element_type=\"section\">\n\t\t\t\t\t\t<div class=\"elementor-container elementor-column-gap-default\">\n\t\t\t\t\t\t\t<div class=\"elementor-row\">\n\t\t\t\t\t<div class=\"elementor-column elementor-col-100 elementor-top-column elementor-element elementor-element-5694421\" data-id=\"5694421\" data-element_type=\"column\">\n\t\t\t<div class=\"elementor-column-wrap elementor-element-populated\">\n\t\t\t\t\t\t\t<div class=\"elementor-widget-wrap\">\n\t\t\t\t\t\t<div class=\"elementor-element elementor-element-131f7f3 elementor-widget elementor-widget-spacer\" data-id=\"131f7f3\" data-element_type=\"widget\" data-widget_type=\"spacer.default\">\n\t\t\t\t<div class=\"elementor-widget-container\">\n\t\t\t\t\t<div class=\"elementor-spacer\">\n\t\t\t<div class=\"elementor-spacer-inner\"><\/div>\n\t\t<\/div>\n\t\t\t\t<\/div>\n\t\t\t\t<\/div>\n\t\t\t\t\t\t<\/div>\n\t\t\t\t\t<\/div>\n\t\t<\/div>\n\t\t\t\t\t\t\t\t<\/div>\n\t\t\t\t\t<\/div>\n\t\t<\/section>\n\t\t\t\t<section class=\"elementor-section elementor-top-section elementor-element elementor-element-595078b elementor-section-boxed elementor-section-height-default elementor-section-height-default\" data-id=\"595078b\" data-element_type=\"section\">\n\t\t\t\t\t\t<div class=\"elementor-container elementor-column-gap-default\">\n\t\t\t\t\t\t\t<div class=\"elementor-row\">\n\t\t\t\t\t<div class=\"elementor-column elementor-col-100 elementor-top-column elementor-element elementor-element-976b71c\" data-id=\"976b71c\" data-element_type=\"column\">\n\t\t\t<div class=\"elementor-column-wrap elementor-element-populated\">\n\t\t\t\t\t\t\t<div class=\"elementor-widget-wrap\">\n\t\t\t\t\t\t<div class=\"elementor-element elementor-element-f325a67 elementor-widget elementor-widget-heading\" data-id=\"f325a67\" data-element_type=\"widget\" data-widget_type=\"heading.default\">\n\t\t\t\t<div class=\"elementor-widget-container\">\n\t\t\t<h3 class=\"elementor-heading-title elementor-size-default\">Imprint<\/h3>\t\t<\/div>\n\t\t\t\t<\/div>\n\t\t\t\t\t\t<\/div>\n\t\t\t\t\t<\/div>\n\t\t<\/div>\n\t\t\t\t\t\t\t\t<\/div>\n\t\t\t\t\t<\/div>\n\t\t<\/section>\n\t\t\t\t<section class=\"elementor-section elementor-top-section elementor-element elementor-element-ec3dff7 elementor-section-boxed elementor-section-height-default elementor-section-height-default\" data-id=\"ec3dff7\" data-element_type=\"section\">\n\t\t\t\t\t\t<div class=\"elementor-container elementor-column-gap-default\">\n\t\t\t\t\t\t\t<div class=\"elementor-row\">\n\t\t\t\t\t<div class=\"elementor-column elementor-col-100 elementor-top-column elementor-element elementor-element-1112246\" data-id=\"1112246\" data-element_type=\"column\">\n\t\t\t<div class=\"elementor-column-wrap elementor-element-populated\">\n\t\t\t\t\t\t\t<div class=\"elementor-widget-wrap\">\n\t\t\t\t\t\t<div class=\"elementor-element elementor-element-b032dc9 elementor-widget elementor-widget-text-editor\" data-id=\"b032dc9\" data-element_type=\"widget\" data-widget_type=\"text-editor.default\">\n\t\t\t\t<div class=\"elementor-widget-container\">\n\t\t\t\t\t\t\t\t<div class=\"elementor-text-editor elementor-clearfix\">\n\t\t\t\t<p><strong>EPH International Network GmbH<\/strong><\/p><p>Fasanenstra\u00dfe 13<br \/>42799 Leichlingen<br \/>Germany<\/p>\t\t\t\t\t<\/div>\n\t\t\t\t\t\t<\/div>\n\t\t\t\t<\/div>\n\t\t\t\t\t\t<\/div>\n\t\t\t\t\t<\/div>\n\t\t<\/div>\n\t\t\t\t\t\t\t\t<\/div>\n\t\t\t\t\t<\/div>\n\t\t<\/section>\n\t\t\t\t<section class=\"elementor-section elementor-top-section elementor-element elementor-element-dfa92f5 elementor-section-boxed elementor-section-height-default elementor-section-height-default\" data-id=\"dfa92f5\" data-element_type=\"section\">\n\t\t\t\t\t\t<div class=\"elementor-container elementor-column-gap-default\">\n\t\t\t\t\t\t\t<div class=\"elementor-row\">\n\t\t\t\t\t<div class=\"elementor-column elementor-col-50 elementor-top-column elementor-element elementor-element-b182509\" data-id=\"b182509\" data-element_type=\"column\">\n\t\t\t<div class=\"elementor-column-wrap elementor-element-populated\">\n\t\t\t\t\t\t\t<div class=\"elementor-widget-wrap\">\n\t\t\t\t\t\t<div class=\"elementor-element elementor-element-b63d240 elementor-widget-tablet__width-initial elementor-widget elementor-widget-text-editor\" data-id=\"b63d240\" data-element_type=\"widget\" data-widget_type=\"text-editor.default\">\n\t\t\t\t<div class=\"elementor-widget-container\">\n\t\t\t\t\t\t\t\t<div class=\"elementor-text-editor elementor-clearfix\">\n\t\t\t\t<div style=\"color: #1e7b46; font-weight: normal;\">\n<p>Phone<\/p>\n<p>E-mail<br>Web<br><\/p>\n<\/div>\t\t\t\t\t<\/div>\n\t\t\t\t\t\t<\/div>\n\t\t\t\t<\/div>\n\t\t\t\t\t\t<\/div>\n\t\t\t\t\t<\/div>\n\t\t<\/div>\n\t\t\t\t<div class=\"elementor-column elementor-col-50 elementor-top-column elementor-element elementor-element-b40d378\" data-id=\"b40d378\" data-element_type=\"column\">\n\t\t\t<div class=\"elementor-column-wrap elementor-element-populated\">\n\t\t\t\t\t\t\t<div class=\"elementor-widget-wrap\">\n\t\t\t\t\t\t<div class=\"elementor-element elementor-element-03c6210 contactNumbers elementor-widget elementor-widget-text-editor\" data-id=\"03c6210\" data-element_type=\"widget\" data-widget_type=\"text-editor.default\">\n\t\t\t\t<div class=\"elementor-widget-container\">\n\t\t\t\t\t\t\t\t<div class=\"elementor-text-editor elementor-clearfix\">\n\t\t\t\t<p>+49 173 3488 046<\/p><p><span data-contrast=\"auto\"><a href=\"mailto:info@eph-network.eu\">info@eph-network.eu<\/a><\/span><br \/><span data-contrast=\"auto\"><a href=\"https:\/\/eph-network.eu\/en\/\">www.eph-network.eu<\/a><\/span><span data-ccp-props=\"{\">\u00a0<\/span><\/p>\t\t\t\t\t<\/div>\n\t\t\t\t\t\t<\/div>\n\t\t\t\t<\/div>\n\t\t\t\t\t\t<\/div>\n\t\t\t\t\t<\/div>\n\t\t<\/div>\n\t\t\t\t\t\t\t\t<\/div>\n\t\t\t\t\t<\/div>\n\t\t<\/section>\n\t\t\t\t<section class=\"elementor-section elementor-top-section elementor-element elementor-element-6819fc6 elementor-section-boxed elementor-section-height-default elementor-section-height-default\" data-id=\"6819fc6\" data-element_type=\"section\">\n\t\t\t\t\t\t<div class=\"elementor-container elementor-column-gap-default\">\n\t\t\t\t\t\t\t<div class=\"elementor-row\">\n\t\t\t\t\t<div class=\"elementor-column elementor-col-100 elementor-top-column elementor-element elementor-element-b5d16fd\" data-id=\"b5d16fd\" data-element_type=\"column\">\n\t\t\t<div class=\"elementor-column-wrap elementor-element-populated\">\n\t\t\t\t\t\t\t<div class=\"elementor-widget-wrap\">\n\t\t\t\t\t\t<div class=\"elementor-element elementor-element-5390697 elementor-widget elementor-widget-text-editor\" data-id=\"5390697\" data-element_type=\"widget\" data-widget_type=\"text-editor.default\">\n\t\t\t\t<div class=\"elementor-widget-container\">\n\t\t\t\t\t\t\t\t<div class=\"elementor-text-editor elementor-clearfix\">\n\t\t\t\t<p><span style=\"color: #1e7b46;\">Managing Director: Walter Wagner<\/span><\/p><p>Registered Office: Iserlohn<br \/>Amtsgericht K\u00f6ln: HRB 119980<br \/>Steuernummer: 230\/5704\/3831<br \/>VAT Identification Number: DE282465283<\/p><p>Vereinigte Sparkassen im M\u00e4rkischen Kreis<br \/>IBAN: DE61 4585 1020 0071 2524 07<br \/>BIC: WELADED1PLB<\/p><p><span style=\"color: #1e7b46;\">Responsible for content according to section 55 para.2 RStV (Broadcasting tready):<\/span><\/p><p>Walter Wagner<br \/>EPH International Network GmbH<br \/>Fasanenstra\u00dfe 13<br \/>42799 Leichlingen<\/p>\t\t\t\t\t<\/div>\n\t\t\t\t\t\t<\/div>\n\t\t\t\t<\/div>\n\t\t\t\t\t\t<\/div>\n\t\t\t\t\t<\/div>\n\t\t<\/div>\n\t\t\t\t\t\t\t\t<\/div>\n\t\t\t\t\t<\/div>\n\t\t<\/section>\n\t\t\t\t\t\t\t\t\t<\/div>\n\t\t\t<\/div>\n\t\t\t\t\t<\/div>","protected":false},"excerpt":{"rendered":"<p>Impressum EPH International Network GmbH Fasanenstra\u00dfe 1342799 LeichlingenDeutschland Phone E-mailWeb +49 173 3488 046 info@eph-network.euwww.eph-network.eu\u00a0 Gesch\u00e4ftsf\u00fchrer: Walter Wagner Eingetragener Firmensitz: IserlohnAmtsgericht K\u00f6ln: HRB 119980Steuernummer: 230\/5704\/3831Umsatzsteuer-Identifikationsnummer: DE282465283 Vereinigte Sparkassen im M\u00e4rkischen KreisIBAN: DE61 4585 1020 0071 2524 07BIC: WELADED1PLB Verantwortlich f\u00fcr den Inhalt gem\u00e4\u00df \u00a7 55 Abs. 2 im RStV (Rundfunkstaatsvertrag): Walter WagnerEPH International Network GmbHFasanenstra\u00dfe&hellip;&nbsp;<a href=\"https:\/\/eph-network.eu\/en\/contact\/\" class=\"\" rel=\"bookmark\">Read More &raquo;<span class=\"screen-reader-text\">Imprint<\/span><\/a><\/p>","protected":false},"author":1,"featured_media":0,"parent":0,"menu_order":0,"comment_status":"closed","ping_status":"closed","template":"","meta":{"neve_meta_sidebar":"","neve_meta_container":"","neve_meta_enable_content_width":"off","neve_meta_content_width":0,"neve_meta_title_alignment":"","neve_meta_author_avatar":"","neve_post_elements_order":"","neve_meta_disable_header":"","neve_meta_disable_footer":"","neve_meta_disable_title":"on","neve_meta_reading_time":""},"_links":{"self":[{"href":"https:\/\/eph-network.eu\/en\/wp-json\/wp\/v2\/pages\/154"}],"collection":[{"href":"https:\/\/eph-network.eu\/en\/wp-json\/wp\/v2\/pages"}],"about":[{"href":"https:\/\/eph-network.eu\/en\/wp-json\/wp\/v2\/types\/page"}],"author":[{"embeddable":true,"href":"https:\/\/eph-network.eu\/en\/wp-json\/wp\/v2\/users\/1"}],"replies":[{"embeddable":true,"href":"https:\/\/eph-network.eu\/en\/wp-json\/wp\/v2\/comments?post=154"}],"version-history":[{"count":83,"href":"https:\/\/eph-network.eu\/en\/wp-json\/wp\/v2\/pages\/154\/revisions"}],"predecessor-version":[{"id":1640,"href":"https:\/\/eph-network.eu\/en\/wp-json\/wp\/v2\/pages\/154\/revisions\/1640"}],"wp:attachment":[{"href":"https:\/\/eph-network.eu\/en\/wp-json\/wp\/v2\/media?parent=154"}],"curies":[{"name":"wp","href":"https:\/\/api.w.org\/{rel}","templated":true}]}}