{"id":330,"date":"2020-07-07T14:43:25","date_gmt":"2020-07-07T12:43:25","guid":{"rendered":"https:\/\/eph-network.eu\/?page_id=330"},"modified":"2024-01-30T14:45:57","modified_gmt":"2024-01-30T13:45:57","slug":"our-business-2","status":"publish","type":"page","link":"https:\/\/eph-network.eu\/en\/our-business-2\/","title":{"rendered":"Our Business"},"content":{"rendered":"<div data-elementor-type=\"wp-page\" data-elementor-id=\"330\" class=\"elementor elementor-330\">\n\t\t\t\t\t\t<div class=\"elementor-inner\">\n\t\t\t\t<div class=\"elementor-section-wrap\">\n\t\t\t\t\t\t\t\t\t<section class=\"elementor-section elementor-top-section elementor-element elementor-element-e384aa7 elementor-section-boxed elementor-section-height-default elementor-section-height-default\" data-id=\"e384aa7\" data-element_type=\"section\">\n\t\t\t\t\t\t<div class=\"elementor-container elementor-column-gap-default\">\n\t\t\t\t\t\t\t<div class=\"elementor-row\">\n\t\t\t\t\t<div class=\"elementor-column elementor-col-100 elementor-top-column elementor-element elementor-element-5f5b3ce\" data-id=\"5f5b3ce\" data-element_type=\"column\">\n\t\t\t<div class=\"elementor-column-wrap elementor-element-populated\">\n\t\t\t\t\t\t\t<div class=\"elementor-widget-wrap\">\n\t\t\t\t\t\t<div class=\"elementor-element elementor-element-7ab159a elementor-widget elementor-widget-spacer\" data-id=\"7ab159a\" data-element_type=\"widget\" data-widget_type=\"spacer.default\">\n\t\t\t\t<div class=\"elementor-widget-container\">\n\t\t\t\t\t<div class=\"elementor-spacer\">\n\t\t\t<div class=\"elementor-spacer-inner\"><\/div>\n\t\t<\/div>\n\t\t\t\t<\/div>\n\t\t\t\t<\/div>\n\t\t\t\t<div class=\"elementor-element elementor-element-4352298 elementor-widget elementor-widget-heading\" data-id=\"4352298\" data-element_type=\"widget\" data-widget_type=\"heading.default\">\n\t\t\t\t<div class=\"elementor-widget-container\">\n\t\t\t<h3 class=\"elementor-heading-title elementor-size-default\">Business<\/h3>\t\t<\/div>\n\t\t\t\t<\/div>\n\t\t\t\t\t\t<\/div>\n\t\t\t\t\t<\/div>\n\t\t<\/div>\n\t\t\t\t\t\t\t\t<\/div>\n\t\t\t\t\t<\/div>\n\t\t<\/section>\n\t\t\t\t<section class=\"elementor-section elementor-top-section elementor-element elementor-element-d5f0648 contentOne elementor-section-boxed elementor-section-height-default elementor-section-height-default\" data-id=\"d5f0648\" data-element_type=\"section\">\n\t\t\t\t\t\t<div class=\"elementor-container elementor-column-gap-default\">\n\t\t\t\t\t\t\t<div class=\"elementor-row\">\n\t\t\t\t\t<div class=\"elementor-column elementor-col-50 elementor-top-column elementor-element elementor-element-73c3e14\" data-id=\"73c3e14\" data-element_type=\"column\">\n\t\t\t<div class=\"elementor-column-wrap elementor-element-populated\">\n\t\t\t\t\t\t\t<div class=\"elementor-widget-wrap\">\n\t\t\t\t\t\t<div class=\"elementor-element elementor-element-69e9461 elementor-widget elementor-widget-text-editor\" data-id=\"69e9461\" data-element_type=\"widget\" data-widget_type=\"text-editor.default\">\n\t\t\t\t<div class=\"elementor-widget-container\">\n\t\t\t\t\t\t\t\t<div class=\"elementor-text-editor elementor-clearfix\">\n\t\t\t\t<p>EPH is built on an independent international network with the following divisions.<\/p><ul><li data-leveltext=\"\uf0b7\" data-font=\"Symbol\" data-listid=\"8\" aria-setsize=\"-1\" data-aria-posinset=\"1\" data-aria-level=\"1\"><strong>EPH Rail<\/strong>\u00a0\u2013 sales strategies, engineering, project management<\/li><li><strong>EPH M&amp;A<\/strong>\u00a0\u2013 mergers, acquisitions, transfers, takeovers<\/li><li><strong>EPH Consult<\/strong>\u00a0\u2013 market development, sales structures and strategies<\/li><\/ul><p><span style=\"background-color: var(--nv-site-bg); color: var(--nv-text-color); font-family: Poppins, var(--nv-fallback-ff);\"><br \/>Although every task and piece of advice is different, the overriding principles remain the same:<\/span><strong style=\"background-color: var(--nv-site-bg); color: var(--nv-text-color); font-family: Poppins, var(--nv-fallback-ff);\">\u00a0<\/strong><\/p><p><strong>efficiency, dedication, integrity and commitment.<\/strong><\/p>\t\t\t\t\t<\/div>\n\t\t\t\t\t\t<\/div>\n\t\t\t\t<\/div>\n\t\t\t\t\t\t<\/div>\n\t\t\t\t\t<\/div>\n\t\t<\/div>\n\t\t\t\t<div class=\"elementor-column elementor-col-50 elementor-top-column elementor-element elementor-element-5693a13 rightImage\" data-id=\"5693a13\" data-element_type=\"column\">\n\t\t\t<div class=\"elementor-column-wrap elementor-element-populated\">\n\t\t\t\t\t\t\t<div class=\"elementor-widget-wrap\">\n\t\t\t\t\t\t<div class=\"elementor-element elementor-element-93cffcf elementor-widget elementor-widget-image\" data-id=\"93cffcf\" data-element_type=\"widget\" data-widget_type=\"image.default\">\n\t\t\t\t<div class=\"elementor-widget-container\">\n\t\t\t\t\t\t\t\t<div class=\"elementor-image\">\n\t\t\t\t\t\t\t\t\t\t\t\t<img decoding=\"async\" width=\"1024\" height=\"683\" src=\"https:\/\/eph-network.eu\/wp-content\/uploads\/2020\/08\/iStock-660948168-scaled.jpg\" class=\"attachment-large size-large wp-image-621\" alt=\"\" loading=\"lazy\" srcset=\"https:\/\/eph-network.eu\/wp-content\/uploads\/2020\/08\/iStock-660948168-scaled.jpg 2560w, https:\/\/eph-network.eu\/wp-content\/uploads\/2020\/08\/iStock-660948168-300x200.jpg 300w, https:\/\/eph-network.eu\/wp-content\/uploads\/2020\/08\/iStock-660948168-768x512.jpg 768w, https:\/\/eph-network.eu\/wp-content\/uploads\/2020\/08\/iStock-660948168-2048x1365.jpg 2048w\" sizes=\"(max-width: 1024px) 100vw, 1024px\" \/>\t\t\t\t\t\t\t\t\t\t\t\t\t\t<\/div>\n\t\t\t\t\t\t<\/div>\n\t\t\t\t<\/div>\n\t\t\t\t\t\t<\/div>\n\t\t\t\t\t<\/div>\n\t\t<\/div>\n\t\t\t\t\t\t\t\t<\/div>\n\t\t\t\t\t<\/div>\n\t\t<\/section>\n\t\t\t\t<section class=\"elementor-section elementor-top-section elementor-element elementor-element-067d9dd elementor-section-boxed elementor-section-height-default elementor-section-height-default\" data-id=\"067d9dd\" data-element_type=\"section\">\n\t\t\t\t\t\t<div class=\"elementor-container elementor-column-gap-default\">\n\t\t\t\t\t\t\t<div class=\"elementor-row\">\n\t\t\t\t\t<div class=\"elementor-column elementor-col-100 elementor-top-column elementor-element elementor-element-5018b0d\" data-id=\"5018b0d\" data-element_type=\"column\">\n\t\t\t<div class=\"elementor-column-wrap elementor-element-populated\">\n\t\t\t\t\t\t\t<div class=\"elementor-widget-wrap\">\n\t\t\t\t\t\t<div class=\"elementor-element elementor-element-c52366e elementor-widget elementor-widget-spacer\" data-id=\"c52366e\" data-element_type=\"widget\" data-widget_type=\"spacer.default\">\n\t\t\t\t<div class=\"elementor-widget-container\">\n\t\t\t\t\t<div class=\"elementor-spacer\">\n\t\t\t<div class=\"elementor-spacer-inner\"><\/div>\n\t\t<\/div>\n\t\t\t\t<\/div>\n\t\t\t\t<\/div>\n\t\t\t\t\t\t<\/div>\n\t\t\t\t\t<\/div>\n\t\t<\/div>\n\t\t\t\t\t\t\t\t<\/div>\n\t\t\t\t\t<\/div>\n\t\t<\/section>\n\t\t\t\t<section class=\"elementor-section elementor-top-section elementor-element elementor-element-1a1d3c9 elementor-section-boxed elementor-section-height-default elementor-section-height-default\" data-id=\"1a1d3c9\" data-element_type=\"section\" data-settings=\"{&quot;background_background&quot;:&quot;classic&quot;}\">\n\t\t\t\t\t\t<div class=\"elementor-container elementor-column-gap-default\">\n\t\t\t\t\t\t\t<div class=\"elementor-row\">\n\t\t\t\t\t<div class=\"elementor-column elementor-col-33 elementor-top-column elementor-element elementor-element-fbdc49f\" data-id=\"fbdc49f\" data-element_type=\"column\">\n\t\t\t<div class=\"elementor-column-wrap elementor-element-populated\">\n\t\t\t\t\t\t\t<div class=\"elementor-widget-wrap\">\n\t\t\t\t\t\t<div class=\"elementor-element elementor-element-09f208f animated-fast cards elementor-position-top elementor-vertical-align-top elementor-widget elementor-widget-image-box\" data-id=\"09f208f\" data-element_type=\"widget\" data-settings=\"{&quot;_animation&quot;:&quot;none&quot;}\" data-widget_type=\"image-box.default\">\n\t\t\t\t<div class=\"elementor-widget-container\">\n\t\t\t<div class=\"elementor-image-box-wrapper\"><figure class=\"elementor-image-box-img\"><a href=\"https:\/\/eph-network.eu\/en\/eph-rail\/\"><img decoding=\"async\" width=\"2560\" height=\"1707\" src=\"https:\/\/eph-network.eu\/wp-content\/uploads\/2020\/08\/iStock-155431844-scaled.jpg\" class=\"attachment-full size-full wp-image-620\" alt=\"\" loading=\"lazy\" srcset=\"https:\/\/eph-network.eu\/wp-content\/uploads\/2020\/08\/iStock-155431844-scaled.jpg 2560w, https:\/\/eph-network.eu\/wp-content\/uploads\/2020\/08\/iStock-155431844-300x200.jpg 300w, https:\/\/eph-network.eu\/wp-content\/uploads\/2020\/08\/iStock-155431844-1024x683.jpg 1024w, https:\/\/eph-network.eu\/wp-content\/uploads\/2020\/08\/iStock-155431844-768x512.jpg 768w, https:\/\/eph-network.eu\/wp-content\/uploads\/2020\/08\/iStock-155431844-2048x1365.jpg 2048w\" sizes=\"(max-width: 2560px) 100vw, 2560px\" \/><\/a><\/figure><div class=\"elementor-image-box-content\"><h3 class=\"elementor-image-box-title\"><a href=\"https:\/\/eph-network.eu\/en\/eph-rail\/\">EPH Rail<\/a><\/h3><p class=\"elementor-image-box-description\">Our experts support you step by step for a successful participation in different railway infrastructure projects.\n\n<a href=\"https:\/\/eph-network.eu\/en\/eph-rail\/\">Continue reading ...<\/a><\/p><\/div><\/div>\t\t<\/div>\n\t\t\t\t<\/div>\n\t\t\t\t\t\t<\/div>\n\t\t\t\t\t<\/div>\n\t\t<\/div>\n\t\t\t\t<div class=\"elementor-column elementor-col-33 elementor-top-column elementor-element elementor-element-8805f80\" data-id=\"8805f80\" data-element_type=\"column\">\n\t\t\t<div class=\"elementor-column-wrap elementor-element-populated\">\n\t\t\t\t\t\t\t<div class=\"elementor-widget-wrap\">\n\t\t\t\t\t\t<div class=\"elementor-element elementor-element-8eb839e animated-fast cards elementor-position-top elementor-vertical-align-top elementor-widget elementor-widget-image-box\" data-id=\"8eb839e\" data-element_type=\"widget\" data-settings=\"{&quot;_animation&quot;:&quot;none&quot;}\" data-widget_type=\"image-box.default\">\n\t\t\t\t<div class=\"elementor-widget-container\">\n\t\t\t<div class=\"elementor-image-box-wrapper\"><figure class=\"elementor-image-box-img\"><a href=\"https:\/\/eph-network.eu\/en\/eph-international\/\"><img decoding=\"async\" width=\"2560\" height=\"1707\" src=\"https:\/\/eph-network.eu\/wp-content\/uploads\/2020\/08\/iStock-916449208-scaled.jpg\" class=\"attachment-full size-full wp-image-625\" alt=\"\" loading=\"lazy\" srcset=\"https:\/\/eph-network.eu\/wp-content\/uploads\/2020\/08\/iStock-916449208-scaled.jpg 2560w, https:\/\/eph-network.eu\/wp-content\/uploads\/2020\/08\/iStock-916449208-300x200.jpg 300w, https:\/\/eph-network.eu\/wp-content\/uploads\/2020\/08\/iStock-916449208-1024x683.jpg 1024w, https:\/\/eph-network.eu\/wp-content\/uploads\/2020\/08\/iStock-916449208-768x512.jpg 768w, https:\/\/eph-network.eu\/wp-content\/uploads\/2020\/08\/iStock-916449208-2048x1365.jpg 2048w\" sizes=\"(max-width: 2560px) 100vw, 2560px\" \/><\/a><\/figure><div class=\"elementor-image-box-content\"><h3 class=\"elementor-image-box-title\"><a href=\"https:\/\/eph-network.eu\/en\/eph-international\/\">EPH M&A<\/a><\/h3><p class=\"elementor-image-box-description\">We manage the complete task list from the selection of the potential candidate up to the post-merger integration process.\n\n\n<a href=\"https:\/\/eph-network.eu\/en\/eph-international\/\">Continue reading ...<\/a><\/p><\/div><\/div>\t\t<\/div>\n\t\t\t\t<\/div>\n\t\t\t\t\t\t<\/div>\n\t\t\t\t\t<\/div>\n\t\t<\/div>\n\t\t\t\t<div class=\"elementor-column elementor-col-33 elementor-top-column elementor-element elementor-element-7a73e9a\" data-id=\"7a73e9a\" data-element_type=\"column\">\n\t\t\t<div class=\"elementor-column-wrap elementor-element-populated\">\n\t\t\t\t\t\t\t<div class=\"elementor-widget-wrap\">\n\t\t\t\t\t\t<div class=\"elementor-element elementor-element-f14b5b2 animated-fast cards elementor-position-top elementor-vertical-align-top elementor-widget elementor-widget-image-box\" data-id=\"f14b5b2\" data-element_type=\"widget\" data-settings=\"{&quot;_animation&quot;:&quot;none&quot;}\" data-widget_type=\"image-box.default\">\n\t\t\t\t<div class=\"elementor-widget-container\">\n\t\t\t<div class=\"elementor-image-box-wrapper\"><figure class=\"elementor-image-box-img\"><a href=\"https:\/\/eph-network.eu\/en\/eph-consultancy\/\"><img decoding=\"async\" width=\"2560\" height=\"1707\" src=\"https:\/\/eph-network.eu\/wp-content\/uploads\/2020\/08\/flower_eph-scaled.jpg\" class=\"attachment-full size-full wp-image-939\" alt=\"\" loading=\"lazy\" srcset=\"https:\/\/eph-network.eu\/wp-content\/uploads\/2020\/08\/flower_eph-scaled.jpg 2560w, https:\/\/eph-network.eu\/wp-content\/uploads\/2020\/08\/flower_eph-300x200.jpg 300w, https:\/\/eph-network.eu\/wp-content\/uploads\/2020\/08\/flower_eph-768x512.jpg 768w, https:\/\/eph-network.eu\/wp-content\/uploads\/2020\/08\/flower_eph-2048x1365.jpg 2048w\" sizes=\"(max-width: 2560px) 100vw, 2560px\" \/><\/a><\/figure><div class=\"elementor-image-box-content\"><h3 class=\"elementor-image-box-title\"><a href=\"https:\/\/eph-network.eu\/en\/eph-consultancy\/\">EPH Consult<\/a><\/h3><p class=\"elementor-image-box-description\">We support you in the development and improvement of your operations and specialize in advising companies on value-maximizing restructuring solutions.\n\n<a href=\"https:\/\/eph-network.eu\/en\/eph-consultancy\/\">Continue reading ...<\/a><\/p><\/div><\/div>\t\t<\/div>\n\t\t\t\t<\/div>\n\t\t\t\t\t\t<\/div>\n\t\t\t\t\t<\/div>\n\t\t<\/div>\n\t\t\t\t\t\t\t\t<\/div>\n\t\t\t\t\t<\/div>\n\t\t<\/section>\n\t\t\t\t\t\t\t\t\t<\/div>\n\t\t\t<\/div>\n\t\t\t\t\t<\/div>","protected":false},"excerpt":{"rendered":"<p>Gesch\u00e4ftsbereiche Der EPH liegt ein unabh\u00e4ngiges internationales Netzwerk mit den folgenden Abteilungen zugrunde: EPH Rail\u00a0\u2013 Vertriebsstrategien, Ingenieurwesen, Projektmanagement EPH M&amp;A\u00a0\u2013 Fusionen, Unternehmensk\u00e4ufe, Betriebs\u00fcberg\u00e4nge, \u00dcbernahmen EPH Consult\u00a0\u2013 Marktentwicklung, Vertriebsstrukturen und Strategien Obwohl jede Aufgabe und jede Beratung anders ist, bleiben die \u00fcbergeordneten Prinzipien konstant:\u00a0 Effizienz, Integrit\u00e4t und Engagement. EPH Rail Unsere Experten unterst\u00fctzen Sie Schritt f\u00fcr&hellip;&nbsp;<a href=\"https:\/\/eph-network.eu\/en\/our-business-2\/\" class=\"\" rel=\"bookmark\">Read More &raquo;<span class=\"screen-reader-text\">Our Business<\/span><\/a><\/p>","protected":false},"author":1,"featured_media":0,"parent":0,"menu_order":0,"comment_status":"closed","ping_status":"closed","template":"page-templates\/template-pagebuilder-full-width.php","meta":{"neve_meta_sidebar":"full-width","neve_meta_container":"","neve_meta_enable_content_width":"on","neve_meta_content_width":100,"neve_meta_title_alignment":"","neve_meta_author_avatar":"","neve_post_elements_order":"","neve_meta_disable_header":"","neve_meta_disable_footer":"","neve_meta_disable_title":"","neve_meta_reading_time":""},"_links":{"self":[{"href":"https:\/\/eph-network.eu\/en\/wp-json\/wp\/v2\/pages\/330"}],"collection":[{"href":"https:\/\/eph-network.eu\/en\/wp-json\/wp\/v2\/pages"}],"about":[{"href":"https:\/\/eph-network.eu\/en\/wp-json\/wp\/v2\/types\/page"}],"author":[{"embeddable":true,"href":"https:\/\/eph-network.eu\/en\/wp-json\/wp\/v2\/users\/1"}],"replies":[{"embeddable":true,"href":"https:\/\/eph-network.eu\/en\/wp-json\/wp\/v2\/comments?post=330"}],"version-history":[{"count":55,"href":"https:\/\/eph-network.eu\/en\/wp-json\/wp\/v2\/pages\/330\/revisions"}],"predecessor-version":[{"id":1493,"href":"https:\/\/eph-network.eu\/en\/wp-json\/wp\/v2\/pages\/330\/revisions\/1493"}],"wp:attachment":[{"href":"https:\/\/eph-network.eu\/en\/wp-json\/wp\/v2\/media?parent=330"}],"curies":[{"name":"wp","href":"https:\/\/api.w.org\/{rel}","templated":true}]}}