{"id":469,"date":"2020-07-17T12:09:07","date_gmt":"2020-07-17T10:09:07","guid":{"rendered":"https:\/\/eph-network.eu\/?page_id=469"},"modified":"2024-01-30T15:31:31","modified_gmt":"2024-01-30T14:31:31","slug":"case-study-eph-consult","status":"publish","type":"page","link":"https:\/\/eph-network.eu\/en\/case-study-eph-consult\/","title":{"rendered":"Case Study EPH Consult"},"content":{"rendered":"<div data-elementor-type=\"wp-page\" data-elementor-id=\"469\" class=\"elementor elementor-469\">\n\t\t\t\t\t\t<div class=\"elementor-inner\">\n\t\t\t\t<div class=\"elementor-section-wrap\">\n\t\t\t\t\t\t\t\t\t<section class=\"elementor-section elementor-top-section elementor-element elementor-element-def57d5 elementor-section-boxed elementor-section-height-default elementor-section-height-default\" data-id=\"def57d5\" data-element_type=\"section\">\n\t\t\t\t\t\t<div class=\"elementor-container elementor-column-gap-default\">\n\t\t\t\t\t\t\t<div class=\"elementor-row\">\n\t\t\t\t\t<div class=\"elementor-column elementor-col-100 elementor-top-column elementor-element elementor-element-a81d01c\" data-id=\"a81d01c\" data-element_type=\"column\">\n\t\t\t<div class=\"elementor-column-wrap elementor-element-populated\">\n\t\t\t\t\t\t\t<div class=\"elementor-widget-wrap\">\n\t\t\t\t\t\t<div class=\"elementor-element elementor-element-18a190d elementor-widget elementor-widget-spacer\" data-id=\"18a190d\" data-element_type=\"widget\" data-widget_type=\"spacer.default\">\n\t\t\t\t<div class=\"elementor-widget-container\">\n\t\t\t\t\t<div class=\"elementor-spacer\">\n\t\t\t<div class=\"elementor-spacer-inner\"><\/div>\n\t\t<\/div>\n\t\t\t\t<\/div>\n\t\t\t\t<\/div>\n\t\t\t\t\t\t<\/div>\n\t\t\t\t\t<\/div>\n\t\t<\/div>\n\t\t\t\t\t\t\t\t<\/div>\n\t\t\t\t\t<\/div>\n\t\t<\/section>\n\t\t\t\t<section class=\"elementor-section elementor-top-section elementor-element elementor-element-c74fe09 elementor-section-boxed elementor-section-height-default elementor-section-height-default\" data-id=\"c74fe09\" data-element_type=\"section\">\n\t\t\t\t\t\t<div class=\"elementor-container elementor-column-gap-default\">\n\t\t\t\t\t\t\t<div class=\"elementor-row\">\n\t\t\t\t\t<div class=\"elementor-column elementor-col-100 elementor-top-column elementor-element elementor-element-d10cad0\" data-id=\"d10cad0\" data-element_type=\"column\">\n\t\t\t<div class=\"elementor-column-wrap elementor-element-populated\">\n\t\t\t\t\t\t\t<div class=\"elementor-widget-wrap\">\n\t\t\t\t\t\t<div class=\"elementor-element elementor-element-490320b elementor-widget elementor-widget-heading\" data-id=\"490320b\" data-element_type=\"widget\" data-widget_type=\"heading.default\">\n\t\t\t\t<div class=\"elementor-widget-container\">\n\t\t\t<h3 class=\"elementor-heading-title elementor-size-default\">Case Study EPH Consult<\/h3>\t\t<\/div>\n\t\t\t\t<\/div>\n\t\t\t\t\t\t<\/div>\n\t\t\t\t\t<\/div>\n\t\t<\/div>\n\t\t\t\t\t\t\t\t<\/div>\n\t\t\t\t\t<\/div>\n\t\t<\/section>\n\t\t\t\t<section class=\"elementor-section elementor-top-section elementor-element elementor-element-f4eaf86 elementor-section-boxed elementor-section-height-default elementor-section-height-default\" data-id=\"f4eaf86\" data-element_type=\"section\">\n\t\t\t\t\t\t<div class=\"elementor-container elementor-column-gap-default\">\n\t\t\t\t\t\t\t<div class=\"elementor-row\">\n\t\t\t\t\t<div class=\"elementor-column elementor-col-100 elementor-top-column elementor-element elementor-element-6521183\" data-id=\"6521183\" data-element_type=\"column\">\n\t\t\t<div class=\"elementor-column-wrap elementor-element-populated\">\n\t\t\t\t\t\t\t<div class=\"elementor-widget-wrap\">\n\t\t\t\t\t\t<div class=\"elementor-element elementor-element-ea1284f elementor-widget elementor-widget-text-editor\" data-id=\"ea1284f\" data-element_type=\"widget\" data-widget_type=\"text-editor.default\">\n\t\t\t\t<div class=\"elementor-widget-container\">\n\t\t\t\t\t\t\t\t<div class=\"elementor-text-editor elementor-clearfix\">\n\t\t\t\t<p><strong>Restructuring \u2013 Change \u2013 Transformation process management<\/strong><\/p><p>Bei unserem Fallbeispiel lag der Fokus auf dem Restrukturierungs-, Ver\u00e4nderungs- und Transformationsprozessmanagement. Das Unternehmen widmete sich der Rotations- und prismatischen Fertigung, wobei sie gro\u00dfe Schnecken mit einer L\u00e4nge von bis zu zw\u00f6lf Metern und einem Durchmesser von 700 mm herstellten \u2013 ausgestattet mit verschiedenen Gewindesystemen f\u00fcr diverse Branchen. Zus\u00e4tzlich betrieben sie ein Bearbeitungszentrum f\u00fcr gro\u00dfe Motoren im Schiffbau, spezialisiert auf Container-, Transport- und Tourismusschiffe.<\/p><p>Eine zentrale Ma\u00dfnahme war die Neuausrichtung interner und externer Prozesse, um einen proaktiven Kundenservice zu gew\u00e4hrleisten. Des Weiteren wurden transparente Deckungsbeitragsstrukturen zur Sicherung des Preismanagements geschaffen, Kostensenkungsma\u00dfnahmen eingef\u00fchrt, das Produkt- und Kundenportfolio erweitert und Lean Management implementiert, um die Reaktionsf\u00e4higkeit und Flexibilit\u00e4t gegen\u00fcber Kunden zu steigern.<\/p><p>Zuletzt wurde der geplante M&amp;A-Prozess initiiert, koordiniert und gemanagt, was zur \u00dcbernahme durch einen neuen finanzstarken Investor f\u00fchrte.<\/p><p>\u00a0<\/p>\t\t\t\t\t<\/div>\n\t\t\t\t\t\t<\/div>\n\t\t\t\t<\/div>\n\t\t\t\t\t\t<\/div>\n\t\t\t\t\t<\/div>\n\t\t<\/div>\n\t\t\t\t\t\t\t\t<\/div>\n\t\t\t\t\t<\/div>\n\t\t<\/section>\n\t\t\t\t<section class=\"elementor-section elementor-top-section elementor-element elementor-element-19e906f elementor-section-boxed elementor-section-height-default elementor-section-height-default\" data-id=\"19e906f\" data-element_type=\"section\">\n\t\t\t\t\t\t<div class=\"elementor-container elementor-column-gap-default\">\n\t\t\t\t\t\t\t<div class=\"elementor-row\">\n\t\t\t\t\t<div class=\"elementor-column elementor-col-100 elementor-top-column elementor-element elementor-element-904daf3\" data-id=\"904daf3\" data-element_type=\"column\">\n\t\t\t<div class=\"elementor-column-wrap\">\n\t\t\t\t\t\t\t<div class=\"elementor-widget-wrap\">\n\t\t\t\t\t\t\t\t<\/div>\n\t\t\t\t\t<\/div>\n\t\t<\/div>\n\t\t\t\t\t\t\t\t<\/div>\n\t\t\t\t\t<\/div>\n\t\t<\/section>\n\t\t\t\t<section class=\"elementor-section elementor-top-section elementor-element elementor-element-afd8172 elementor-section-boxed elementor-section-height-default elementor-section-height-default\" data-id=\"afd8172\" data-element_type=\"section\">\n\t\t\t\t\t\t<div class=\"elementor-container elementor-column-gap-default\">\n\t\t\t\t\t\t\t<div class=\"elementor-row\">\n\t\t\t\t\t<div class=\"elementor-column elementor-col-100 elementor-top-column elementor-element elementor-element-c0159a4\" data-id=\"c0159a4\" data-element_type=\"column\">\n\t\t\t<div class=\"elementor-column-wrap elementor-element-populated\">\n\t\t\t\t\t\t\t<div class=\"elementor-widget-wrap\">\n\t\t\t\t\t\t<div class=\"elementor-element elementor-element-f7cbf73 elementor-widget elementor-widget-button\" data-id=\"f7cbf73\" data-element_type=\"widget\" data-widget_type=\"button.default\">\n\t\t\t\t<div class=\"elementor-widget-container\">\n\t\t\t\t\t<div class=\"elementor-button-wrapper\">\n\t\t\t<a href=\"https:\/\/eph-network.eu\/en\/eph-consultancy\/\" class=\"elementor-button-link elementor-button elementor-size-sm\" role=\"button\">\n\t\t\t\t\t\t<span class=\"elementor-button-content-wrapper\">\n\t\t\t\t\t\t\t<span class=\"elementor-button-icon elementor-align-icon-left\">\n\t\t\t\t<i aria-hidden=\"true\" class=\"fas fa-angle-double-left\"><\/i>\t\t\t<\/span>\n\t\t\t\t\t\t<span class=\"elementor-button-text\">Back<\/span>\n\t\t<\/span>\n\t\t\t\t\t<\/a>\n\t\t<\/div>\n\t\t\t\t<\/div>\n\t\t\t\t<\/div>\n\t\t\t\t\t\t<\/div>\n\t\t\t\t\t<\/div>\n\t\t<\/div>\n\t\t\t\t\t\t\t\t<\/div>\n\t\t\t\t\t<\/div>\n\t\t<\/section>\n\t\t\t\t\t\t\t\t\t<\/div>\n\t\t\t<\/div>\n\t\t\t\t\t<\/div>","protected":false},"excerpt":{"rendered":"<p>Fallbeispiel EPH Consult Restrukturierungs-, Ver\u00e4nderungs- und Transformationsprozessmanagement Bei unserem Fallbeispiel lag der Fokus auf dem Restrukturierungs-, Ver\u00e4nderungs- und Transformationsprozessmanagement. Das Unternehmen widmete sich der Rotations- und prismatischen Fertigung, wobei sie gro\u00dfe Schnecken mit einer L\u00e4nge von bis zu zw\u00f6lf Metern und einem Durchmesser von 700 mm herstellten \u2013 ausgestattet mit verschiedenen Gewindesystemen f\u00fcr diverse Branchen.&hellip;&nbsp;<a href=\"https:\/\/eph-network.eu\/en\/case-study-eph-consult\/\" class=\"\" rel=\"bookmark\">Read More &raquo;<span class=\"screen-reader-text\">Case Study EPH Consult<\/span><\/a><\/p>","protected":false},"author":1,"featured_media":0,"parent":0,"menu_order":0,"comment_status":"closed","ping_status":"closed","template":"page-templates\/template-pagebuilder-full-width.php","meta":{"neve_meta_sidebar":"","neve_meta_container":"","neve_meta_enable_content_width":"off","neve_meta_content_width":0,"neve_meta_title_alignment":"","neve_meta_author_avatar":"","neve_post_elements_order":"","neve_meta_disable_header":"","neve_meta_disable_footer":"","neve_meta_disable_title":"","neve_meta_reading_time":""},"_links":{"self":[{"href":"https:\/\/eph-network.eu\/en\/wp-json\/wp\/v2\/pages\/469"}],"collection":[{"href":"https:\/\/eph-network.eu\/en\/wp-json\/wp\/v2\/pages"}],"about":[{"href":"https:\/\/eph-network.eu\/en\/wp-json\/wp\/v2\/types\/page"}],"author":[{"embeddable":true,"href":"https:\/\/eph-network.eu\/en\/wp-json\/wp\/v2\/users\/1"}],"replies":[{"embeddable":true,"href":"https:\/\/eph-network.eu\/en\/wp-json\/wp\/v2\/comments?post=469"}],"version-history":[{"count":30,"href":"https:\/\/eph-network.eu\/en\/wp-json\/wp\/v2\/pages\/469\/revisions"}],"predecessor-version":[{"id":1538,"href":"https:\/\/eph-network.eu\/en\/wp-json\/wp\/v2\/pages\/469\/revisions\/1538"}],"wp:attachment":[{"href":"https:\/\/eph-network.eu\/en\/wp-json\/wp\/v2\/media?parent=469"}],"curies":[{"name":"wp","href":"https:\/\/api.w.org\/{rel}","templated":true}]}}