{"id":5,"date":"2020-01-13T11:08:58","date_gmt":"2020-01-13T11:08:58","guid":{"rendered":"https:\/\/demosites.io\/web-agency\/?page_id=5"},"modified":"2024-01-31T14:29:45","modified_gmt":"2024-01-31T13:29:45","slug":"300f0-web-agency-home","status":"publish","type":"page","link":"https:\/\/eph-network.eu\/en\/","title":{"rendered":"OUR COMPANY"},"content":{"rendered":"<div data-elementor-type=\"wp-page\" data-elementor-id=\"5\" class=\"elementor elementor-5\">\n\t\t\t\t\t\t<div class=\"elementor-inner\">\n\t\t\t\t<div class=\"elementor-section-wrap\">\n\t\t\t\t\t\t\t\t\t<section class=\"elementor-section elementor-top-section elementor-element elementor-element-6e785a1 elementor-section-height-min-height elementor-section-stretched elementor-section-full_width elementor-section-items-bottom elementor-section-height-default\" data-id=\"6e785a1\" data-element_type=\"section\" data-settings=\"{&quot;background_background&quot;:&quot;slideshow&quot;,&quot;stretch_section&quot;:&quot;section-stretched&quot;,&quot;background_slideshow_gallery&quot;:[{&quot;id&quot;:623,&quot;url&quot;:&quot;https:\\\/\\\/eph-network.eu\\\/wp-content\\\/uploads\\\/2020\\\/08\\\/iStock-1182280807-3-scaled.jpg&quot;}],&quot;background_slideshow_slide_transition&quot;:&quot;slide_left&quot;,&quot;background_slideshow_transition_duration&quot;:1000,&quot;background_slideshow_loop&quot;:&quot;yes&quot;,&quot;background_slideshow_slide_duration&quot;:5000}\">\n\t\t\t\t\t\t<div class=\"elementor-container elementor-column-gap-default\">\n\t\t\t\t\t\t\t<div class=\"elementor-row\">\n\t\t\t\t\t<div class=\"elementor-column elementor-col-100 elementor-top-column elementor-element elementor-element-da765f7\" data-id=\"da765f7\" data-element_type=\"column\">\n\t\t\t<div class=\"elementor-column-wrap\">\n\t\t\t\t\t\t\t<div class=\"elementor-widget-wrap\">\n\t\t\t\t\t\t\t\t<\/div>\n\t\t\t\t\t<\/div>\n\t\t<\/div>\n\t\t\t\t\t\t\t\t<\/div>\n\t\t\t\t\t<\/div>\n\t\t<\/section>\n\t\t\t\t<section class=\"elementor-section elementor-top-section elementor-element elementor-element-6f88475 elementor-section-boxed elementor-section-height-default elementor-section-height-default\" data-id=\"6f88475\" data-element_type=\"section\">\n\t\t\t\t\t\t<div class=\"elementor-container elementor-column-gap-default\">\n\t\t\t\t\t\t\t<div class=\"elementor-row\">\n\t\t\t\t\t<div class=\"elementor-column elementor-col-100 elementor-top-column elementor-element elementor-element-3d258f7\" data-id=\"3d258f7\" data-element_type=\"column\">\n\t\t\t<div class=\"elementor-column-wrap elementor-element-populated\">\n\t\t\t\t\t\t\t<div class=\"elementor-widget-wrap\">\n\t\t\t\t\t\t<div class=\"elementor-element elementor-element-35070c2 elementor-widget elementor-widget-spacer\" data-id=\"35070c2\" data-element_type=\"widget\" data-widget_type=\"spacer.default\">\n\t\t\t\t<div class=\"elementor-widget-container\">\n\t\t\t\t\t<div class=\"elementor-spacer\">\n\t\t\t<div class=\"elementor-spacer-inner\"><\/div>\n\t\t<\/div>\n\t\t\t\t<\/div>\n\t\t\t\t<\/div>\n\t\t\t\t<div class=\"elementor-element elementor-element-008a2aa elementor-widget elementor-widget-heading\" data-id=\"008a2aa\" data-element_type=\"widget\" data-widget_type=\"heading.default\">\n\t\t\t\t<div class=\"elementor-widget-container\">\n\t\t\t<h3 class=\"elementor-heading-title elementor-size-default\">Company<\/h3>\t\t<\/div>\n\t\t\t\t<\/div>\n\t\t\t\t\t\t<\/div>\n\t\t\t\t\t<\/div>\n\t\t<\/div>\n\t\t\t\t\t\t\t\t<\/div>\n\t\t\t\t\t<\/div>\n\t\t<\/section>\n\t\t\t\t<section class=\"elementor-section elementor-top-section elementor-element elementor-element-dc40c5e elementor-section-boxed elementor-section-height-default elementor-section-height-default\" data-id=\"dc40c5e\" data-element_type=\"section\">\n\t\t\t\t\t\t<div class=\"elementor-container elementor-column-gap-default\">\n\t\t\t\t\t\t\t<div class=\"elementor-row\">\n\t\t\t\t\t<div class=\"elementor-column elementor-col-50 elementor-top-column elementor-element elementor-element-b099d79\" data-id=\"b099d79\" data-element_type=\"column\">\n\t\t\t<div class=\"elementor-column-wrap elementor-element-populated\">\n\t\t\t\t\t\t\t<div class=\"elementor-widget-wrap\">\n\t\t\t\t\t\t<div class=\"elementor-element elementor-element-97f5b5f elementor-widget elementor-widget-text-editor\" data-id=\"97f5b5f\" data-element_type=\"widget\" data-widget_type=\"text-editor.default\">\n\t\t\t\t<div class=\"elementor-widget-container\">\n\t\t\t\t\t\t\t\t<div class=\"elementor-text-editor elementor-clearfix\">\n\t\t\t\t<p>We focus on the strength and stability we incorporate in the relationship with our clients and partners \u2013 whether it is advising them on the development of new markets or organizing and structuring their organization for a greater competitiveness in the future.<\/p><p><strong>When excellence meets vision great things will happen! <\/strong><\/p><p>We focus on the strength and stability we incorporate in the relationship with our clients and partners \u2013 whether it is advising them on the development of new markets or organizing and structuring their organization for a greater competitiveness in the future.<\/p><p>It enables us to build long-standing relationships with our clients and partners.<\/p><p><strong>We have experience in the following industries:<\/strong><\/p><ul><li>Railway Technology<\/li><li>Depot Equipment<\/li><li>Construction and Infrastructure<\/li><li>Railway Mechanical and Electrical Engineering<\/li><li>Steel, Plastic Technology<\/li><\/ul>\t\t\t\t\t<\/div>\n\t\t\t\t\t\t<\/div>\n\t\t\t\t<\/div>\n\t\t\t\t\t\t<\/div>\n\t\t\t\t\t<\/div>\n\t\t<\/div>\n\t\t\t\t<div class=\"elementor-column elementor-col-50 elementor-top-column elementor-element elementor-element-4bec6ca\" data-id=\"4bec6ca\" data-element_type=\"column\">\n\t\t\t<div class=\"elementor-column-wrap elementor-element-populated\">\n\t\t\t\t\t\t\t<div class=\"elementor-widget-wrap\">\n\t\t\t\t\t\t<div class=\"elementor-element elementor-element-6a9dcf8 elementor-widget elementor-widget-image\" data-id=\"6a9dcf8\" data-element_type=\"widget\" data-widget_type=\"image.default\">\n\t\t\t\t<div class=\"elementor-widget-container\">\n\t\t\t\t\t\t\t\t<div class=\"elementor-image\">\n\t\t\t\t\t\t\t\t\t\t\t\t<img decoding=\"async\" width=\"670\" height=\"670\" src=\"https:\/\/eph-network.eu\/wp-content\/uploads\/2024\/01\/L1008626_670x670.jpg\" class=\"attachment-large size-large wp-image-1591\" alt=\"\" loading=\"lazy\" srcset=\"https:\/\/eph-network.eu\/wp-content\/uploads\/2024\/01\/L1008626_670x670.jpg 670w, https:\/\/eph-network.eu\/wp-content\/uploads\/2024\/01\/L1008626_670x670-300x300.jpg 300w, https:\/\/eph-network.eu\/wp-content\/uploads\/2024\/01\/L1008626_670x670-150x150.jpg 150w, https:\/\/eph-network.eu\/wp-content\/uploads\/2024\/01\/L1008626_670x670-12x12.jpg 12w\" sizes=\"(max-width: 670px) 100vw, 670px\" \/>\t\t\t\t\t\t\t\t\t\t\t\t\t\t<\/div>\n\t\t\t\t\t\t<\/div>\n\t\t\t\t<\/div>\n\t\t\t\t\t\t<\/div>\n\t\t\t\t\t<\/div>\n\t\t<\/div>\n\t\t\t\t\t\t\t\t<\/div>\n\t\t\t\t\t<\/div>\n\t\t<\/section>\n\t\t\t\t<section class=\"elementor-section elementor-top-section elementor-element elementor-element-ac8e277 elementor-section-boxed elementor-section-height-default elementor-section-height-default\" data-id=\"ac8e277\" data-element_type=\"section\">\n\t\t\t\t\t\t<div class=\"elementor-container elementor-column-gap-default\">\n\t\t\t\t\t\t\t<div class=\"elementor-row\">\n\t\t\t\t\t<div class=\"elementor-column elementor-col-100 elementor-top-column elementor-element elementor-element-f59e6be\" data-id=\"f59e6be\" data-element_type=\"column\">\n\t\t\t<div class=\"elementor-column-wrap elementor-element-populated\">\n\t\t\t\t\t\t\t<div class=\"elementor-widget-wrap\">\n\t\t\t\t\t\t<div class=\"elementor-element elementor-element-3199b2d elementor-widget elementor-widget-spacer\" data-id=\"3199b2d\" data-element_type=\"widget\" data-widget_type=\"spacer.default\">\n\t\t\t\t<div class=\"elementor-widget-container\">\n\t\t\t\t\t<div class=\"elementor-spacer\">\n\t\t\t<div class=\"elementor-spacer-inner\"><\/div>\n\t\t<\/div>\n\t\t\t\t<\/div>\n\t\t\t\t<\/div>\n\t\t\t\t\t\t<\/div>\n\t\t\t\t\t<\/div>\n\t\t<\/div>\n\t\t\t\t\t\t\t\t<\/div>\n\t\t\t\t\t<\/div>\n\t\t<\/section>\n\t\t\t\t<section class=\"elementor-section elementor-top-section elementor-element elementor-element-9432544 elementor-section-boxed elementor-section-height-default elementor-section-height-default\" data-id=\"9432544\" data-element_type=\"section\" data-settings=\"{&quot;background_background&quot;:&quot;classic&quot;}\">\n\t\t\t\t\t\t<div class=\"elementor-container elementor-column-gap-default\">\n\t\t\t\t\t\t\t<div class=\"elementor-row\">\n\t\t\t\t\t<div class=\"elementor-column elementor-col-33 elementor-top-column elementor-element elementor-element-ea6c564\" data-id=\"ea6c564\" data-element_type=\"column\">\n\t\t\t<div class=\"elementor-column-wrap elementor-element-populated\">\n\t\t\t\t\t\t\t<div class=\"elementor-widget-wrap\">\n\t\t\t\t\t\t<div class=\"elementor-element elementor-element-8dad2ad animated-fast cards elementor-position-top elementor-vertical-align-top elementor-widget elementor-widget-image-box\" data-id=\"8dad2ad\" data-element_type=\"widget\" data-settings=\"{&quot;_animation&quot;:&quot;none&quot;}\" data-widget_type=\"image-box.default\">\n\t\t\t\t<div class=\"elementor-widget-container\">\n\t\t\t<div class=\"elementor-image-box-wrapper\"><figure class=\"elementor-image-box-img\"><a href=\"https:\/\/eph-network.eu\/en\/eph-rail\/\"><img decoding=\"async\" width=\"2560\" height=\"1707\" src=\"https:\/\/eph-network.eu\/wp-content\/uploads\/2020\/08\/iStock-155431844-scaled.jpg\" class=\"attachment-full size-full wp-image-620\" alt=\"\" loading=\"lazy\" srcset=\"https:\/\/eph-network.eu\/wp-content\/uploads\/2020\/08\/iStock-155431844-scaled.jpg 2560w, https:\/\/eph-network.eu\/wp-content\/uploads\/2020\/08\/iStock-155431844-300x200.jpg 300w, https:\/\/eph-network.eu\/wp-content\/uploads\/2020\/08\/iStock-155431844-1024x683.jpg 1024w, https:\/\/eph-network.eu\/wp-content\/uploads\/2020\/08\/iStock-155431844-768x512.jpg 768w, https:\/\/eph-network.eu\/wp-content\/uploads\/2020\/08\/iStock-155431844-2048x1365.jpg 2048w\" sizes=\"(max-width: 2560px) 100vw, 2560px\" \/><\/a><\/figure><div class=\"elementor-image-box-content\"><h3 class=\"elementor-image-box-title\"><a href=\"https:\/\/eph-network.eu\/en\/eph-rail\/\">EPH Rail<\/a><\/h3><p class=\"elementor-image-box-description\">Our experts support you step by step for a successful participation in different railway infrastructure projects.\n\n<a href=\"https:\/\/eph-network.eu\/en\/eph-rail\/\">Continue reading ...<\/a><\/p><\/div><\/div>\t\t<\/div>\n\t\t\t\t<\/div>\n\t\t\t\t\t\t<\/div>\n\t\t\t\t\t<\/div>\n\t\t<\/div>\n\t\t\t\t<div class=\"elementor-column elementor-col-33 elementor-top-column elementor-element elementor-element-c69803e\" data-id=\"c69803e\" data-element_type=\"column\">\n\t\t\t<div class=\"elementor-column-wrap elementor-element-populated\">\n\t\t\t\t\t\t\t<div class=\"elementor-widget-wrap\">\n\t\t\t\t\t\t<div class=\"elementor-element elementor-element-08eb071 animated-fast cards elementor-position-top elementor-vertical-align-top elementor-widget elementor-widget-image-box\" data-id=\"08eb071\" data-element_type=\"widget\" data-settings=\"{&quot;_animation&quot;:&quot;none&quot;}\" data-widget_type=\"image-box.default\">\n\t\t\t\t<div class=\"elementor-widget-container\">\n\t\t\t<div class=\"elementor-image-box-wrapper\"><figure class=\"elementor-image-box-img\"><a href=\"https:\/\/eph-network.eu\/en\/eph-international\/\"><img decoding=\"async\" width=\"2560\" height=\"1707\" src=\"https:\/\/eph-network.eu\/wp-content\/uploads\/2020\/08\/iStock-916449208-scaled.jpg\" class=\"attachment-full size-full wp-image-625\" alt=\"\" loading=\"lazy\" srcset=\"https:\/\/eph-network.eu\/wp-content\/uploads\/2020\/08\/iStock-916449208-scaled.jpg 2560w, https:\/\/eph-network.eu\/wp-content\/uploads\/2020\/08\/iStock-916449208-300x200.jpg 300w, https:\/\/eph-network.eu\/wp-content\/uploads\/2020\/08\/iStock-916449208-1024x683.jpg 1024w, https:\/\/eph-network.eu\/wp-content\/uploads\/2020\/08\/iStock-916449208-768x512.jpg 768w, https:\/\/eph-network.eu\/wp-content\/uploads\/2020\/08\/iStock-916449208-2048x1365.jpg 2048w\" sizes=\"(max-width: 2560px) 100vw, 2560px\" \/><\/a><\/figure><div class=\"elementor-image-box-content\"><h3 class=\"elementor-image-box-title\"><a href=\"https:\/\/eph-network.eu\/en\/eph-international\/\">EPH M&A<\/a><\/h3><p class=\"elementor-image-box-description\">We manage the complete task list from the selection of the potential candidate up to the post-merger integration process.\n\n\n<a href=\"https:\/\/eph-network.eu\/en\/eph-international\/\">Continue reading ...<\/a><\/p><\/div><\/div>\t\t<\/div>\n\t\t\t\t<\/div>\n\t\t\t\t\t\t<\/div>\n\t\t\t\t\t<\/div>\n\t\t<\/div>\n\t\t\t\t<div class=\"elementor-column elementor-col-33 elementor-top-column elementor-element elementor-element-74173b8\" data-id=\"74173b8\" data-element_type=\"column\">\n\t\t\t<div class=\"elementor-column-wrap elementor-element-populated\">\n\t\t\t\t\t\t\t<div class=\"elementor-widget-wrap\">\n\t\t\t\t\t\t<div class=\"elementor-element elementor-element-43a9f94 animated-fast cards elementor-position-top elementor-vertical-align-top elementor-widget elementor-widget-image-box\" data-id=\"43a9f94\" data-element_type=\"widget\" data-settings=\"{&quot;_animation&quot;:&quot;none&quot;}\" data-widget_type=\"image-box.default\">\n\t\t\t\t<div class=\"elementor-widget-container\">\n\t\t\t<div class=\"elementor-image-box-wrapper\"><figure class=\"elementor-image-box-img\"><a href=\"https:\/\/eph-network.eu\/en\/eph-consultancy\/\"><img decoding=\"async\" width=\"2560\" height=\"1707\" src=\"https:\/\/eph-network.eu\/wp-content\/uploads\/2020\/08\/flower_eph-scaled.jpg\" class=\"attachment-full size-full wp-image-939\" alt=\"\" loading=\"lazy\" srcset=\"https:\/\/eph-network.eu\/wp-content\/uploads\/2020\/08\/flower_eph-scaled.jpg 2560w, https:\/\/eph-network.eu\/wp-content\/uploads\/2020\/08\/flower_eph-300x200.jpg 300w, https:\/\/eph-network.eu\/wp-content\/uploads\/2020\/08\/flower_eph-768x512.jpg 768w, https:\/\/eph-network.eu\/wp-content\/uploads\/2020\/08\/flower_eph-2048x1365.jpg 2048w\" sizes=\"(max-width: 2560px) 100vw, 2560px\" \/><\/a><\/figure><div class=\"elementor-image-box-content\"><h3 class=\"elementor-image-box-title\"><a href=\"https:\/\/eph-network.eu\/en\/eph-consultancy\/\">EPH Consult<\/a><\/h3><p class=\"elementor-image-box-description\">We support you in the development and improvement of your operations and specialize in advising companies on value-maximizing restructuring solutions.\n\n<a href=\"https:\/\/eph-network.eu\/en\/eph-consultancy\/\">Continue reading ...<\/a><\/p><\/div><\/div>\t\t<\/div>\n\t\t\t\t<\/div>\n\t\t\t\t\t\t<\/div>\n\t\t\t\t\t<\/div>\n\t\t<\/div>\n\t\t\t\t\t\t\t\t<\/div>\n\t\t\t\t\t<\/div>\n\t\t<\/section>\n\t\t\t\t\t\t\t\t\t<\/div>\n\t\t\t<\/div>\n\t\t\t\t\t<\/div>","protected":false},"excerpt":{"rendered":"<p>Unternehmen Die EPH unterst\u00fctzt Unternehmen haupts\u00e4chlich in der Bahn- und Transportbranche und ber\u00e4t sie in den Bereichen M&amp;A-Prozesse, Marktentwicklung, Vertrieb und Ingenieurwesen. Wenn Exzellenz auf Vision trifft, werden gro\u00dfe Dinge passieren! Wir konzentrieren uns auf die St\u00e4rke und Stabilit\u00e4t, die wir in die Beziehungen zu unseren Kunden und Partnern einflie\u00dfen lassen \u2013 sei es bei&hellip;&nbsp;<a href=\"https:\/\/eph-network.eu\/en\/\" class=\"\" rel=\"bookmark\">Read More &raquo;<span class=\"screen-reader-text\">OUR COMPANY<\/span><\/a><\/p>","protected":false},"author":1,"featured_media":0,"parent":0,"menu_order":0,"comment_status":"closed","ping_status":"closed","template":"page-templates\/template-pagebuilder-full-width.php","meta":{"neve_meta_sidebar":"full-width","neve_meta_container":"","neve_meta_enable_content_width":"on","neve_meta_content_width":100,"neve_meta_title_alignment":"","neve_meta_author_avatar":"","neve_post_elements_order":"","neve_meta_disable_header":"","neve_meta_disable_footer":"","neve_meta_disable_title":"","neve_meta_reading_time":""},"_links":{"self":[{"href":"https:\/\/eph-network.eu\/en\/wp-json\/wp\/v2\/pages\/5"}],"collection":[{"href":"https:\/\/eph-network.eu\/en\/wp-json\/wp\/v2\/pages"}],"about":[{"href":"https:\/\/eph-network.eu\/en\/wp-json\/wp\/v2\/types\/page"}],"author":[{"embeddable":true,"href":"https:\/\/eph-network.eu\/en\/wp-json\/wp\/v2\/users\/1"}],"replies":[{"embeddable":true,"href":"https:\/\/eph-network.eu\/en\/wp-json\/wp\/v2\/comments?post=5"}],"version-history":[{"count":111,"href":"https:\/\/eph-network.eu\/en\/wp-json\/wp\/v2\/pages\/5\/revisions"}],"predecessor-version":[{"id":1597,"href":"https:\/\/eph-network.eu\/en\/wp-json\/wp\/v2\/pages\/5\/revisions\/1597"}],"wp:attachment":[{"href":"https:\/\/eph-network.eu\/en\/wp-json\/wp\/v2\/media?parent=5"}],"curies":[{"name":"wp","href":"https:\/\/api.w.org\/{rel}","templated":true}]}}